{"id":15,"date":"2011-01-23T14:15:36","date_gmt":"2011-01-23T13:15:36","guid":{"rendered":"http:\/\/www.zahnaerztin-nawrath.de\/wordpress\/?page_id=15"},"modified":"2020-06-14T17:08:01","modified_gmt":"2020-06-14T15:08:01","slug":"links","status":"publish","type":"page","link":"https:\/\/www.zahnaerztin-nawrath.de\/?page_id=15","title":{"rendered":"Links"},"content":{"rendered":"\n<p><a href=\"https:\/\/www.dgzmk.de\" target=\"_blank\" rel=\"noopener noreferrer\">www.dgzmk.de<\/a><br>DGZMK &#8211; Deutsche Gesellschaft f\u00fcr Zahn-, Mund- und Kieferheilkunde: Die wissenschaftliche Gesellschaft f\u00fcr Zahnheilkunde in Deutschland, integrierende Dachorganisation zahlreicher Fachgesellschaften, Arbeitkreise und Arbeitsgemeinschaften.<br><br><\/p>\n\n\n\n<p><a href=\"https:\/\/www.kzvbw.de\" target=\"_blank\" rel=\"noopener noreferrer\">www.kzvbw.de<\/a><br>Internet-Portal der Kassenzahn\u00e4rztlichen Vereinigung Baden-W\u00fcrttemberg<br><br><\/p>\n\n\n\n<p><a href=\"https:\/\/lzk-bw.de\/\" target=\"_blank\" rel=\"noopener noreferrer\">www.lzkbw.de<\/a><br>Landeszahn\u00e4rztekammer Baden-W\u00fcrttemberg<br><br><\/p>\n\n\n\n<p><a href=\"https:\/\/www.kzbv.de\" target=\"_blank\" rel=\"noopener noreferrer\">www.kzbv.de<\/a><br>Kassenzahn\u00e4rztliche Bundesvereinigung<br><br><\/p>\n\n\n\n<p><a href=\"https:\/\/www.bzaek.de\" target=\"_blank\" rel=\"noreferrer noopener\">www.bzaek.de<\/a><br>Bundeszahn\u00e4rztekammer (BZ\u00c4K), Arbeitsgemeinschaft der deutschen Zahn\u00e4rztekammern e.V.<br><br><\/p>\n\n\n\n<p><a rel=\"noreferrer noopener\" href=\"https:\/\/www.za-karlsruhe.de\" target=\"_blank\">www.za-karlsruhe.de<\/a><br>Akademie f\u00fcr Zahn\u00e4rztliche Fortbildung Karlsruhe<br><br><\/p>\n","protected":false},"excerpt":{"rendered":"<p>www.dgzmk.deDGZMK &#8211; Deutsche Gesellschaft f\u00fcr Zahn-, Mund- und Kieferheilkunde: Die wissenschaftliche Gesellschaft f\u00fcr Zahnheilkunde in Deutschland, integrierende Dachorganisation zahlreicher Fachgesellschaften, Arbeitkreise und Arbeitsgemeinschaften. www.kzvbw.deInternet-Portal der Kassenzahn\u00e4rztlichen Vereinigung Baden-W\u00fcrttemberg www.lzkbw.deLandeszahn\u00e4rztekammer Baden-W\u00fcrttemberg www.kzbv.deKassenzahn\u00e4rztliche Bundesvereinigung www.bzaek.deBundeszahn\u00e4rztekammer (BZ\u00c4K), Arbeitsgemeinschaft der deutschen Zahn\u00e4rztekammern e.V. www.za-karlsruhe.deAkademie &hellip; <a href=\"https:\/\/www.zahnaerztin-nawrath.de\/?page_id=15\">Weiterlesen <span class=\"meta-nav\">&rarr;<\/span><\/a><\/p>\n","protected":false},"author":1,"featured_media":0,"parent":0,"menu_order":0,"comment_status":"closed","ping_status":"closed","template":"","meta":{"footnotes":""},"class_list":["post-15","page","type-page","status-publish","hentry"],"_links":{"self":[{"href":"https:\/\/www.zahnaerztin-nawrath.de\/index.php?rest_route=\/wp\/v2\/pages\/15","targetHints":{"allow":["GET"]}}],"collection":[{"href":"https:\/\/www.zahnaerztin-nawrath.de\/index.php?rest_route=\/wp\/v2\/pages"}],"about":[{"href":"https:\/\/www.zahnaerztin-nawrath.de\/index.php?rest_route=\/wp\/v2\/types\/page"}],"author":[{"embeddable":true,"href":"https:\/\/www.zahnaerztin-nawrath.de\/index.php?rest_route=\/wp\/v2\/users\/1"}],"replies":[{"embeddable":true,"href":"https:\/\/www.zahnaerztin-nawrath.de\/index.php?rest_route=%2Fwp%2Fv2%2Fcomments&post=15"}],"version-history":[{"count":35,"href":"https:\/\/www.zahnaerztin-nawrath.de\/index.php?rest_route=\/wp\/v2\/pages\/15\/revisions"}],"predecessor-version":[{"id":602,"href":"https:\/\/www.zahnaerztin-nawrath.de\/index.php?rest_route=\/wp\/v2\/pages\/15\/revisions\/602"}],"wp:attachment":[{"href":"https:\/\/www.zahnaerztin-nawrath.de\/index.php?rest_route=%2Fwp%2Fv2%2Fmedia&parent=15"}],"curies":[{"name":"wp","href":"https:\/\/api.w.org\/{rel}","templated":true}]}}