{"id":17,"date":"2011-01-23T14:16:03","date_gmt":"2011-01-23T13:16:03","guid":{"rendered":"http:\/\/www.zahnaerztin-nawrath.de\/wordpress\/?page_id=17"},"modified":"2020-01-13T16:19:16","modified_gmt":"2020-01-13T15:19:16","slug":"impressum","status":"publish","type":"page","link":"https:\/\/www.zahnaerztin-nawrath.de\/?page_id=17","title":{"rendered":"Impressum"},"content":{"rendered":"\n<p>Zahnarztpraxis<br>Dr. Eva-Maria Nawrath, M.A.<br>Merzhauser Stra\u00dfe 145b<br>79100 Freiburg<\/p>\n<p>Tel.: (0761) 40 30 10<br>Fax: (0761) 4 09 87 70<\/p>\n<p>E-Mail: <a href=\"mailto:info@zahnaerztin-nawrath.de?subject=Anfrage%20per%20E-Mail\">info@zahnaerztin-nawrath.de<\/a><br>Internet: <a href=\"https:\/\/www.zahnaerztin-nawrath.de\" target=\"_blank\" rel=\"noopener noreferrer\">www.zahnaerztin-nawrath.de<\/a><\/p>\n<\/br>\n<p><strong>Inhaltlich verantwortlich gem\u00e4\u00df \u00a76 MDStV:<\/strong> Dr. Eva-Maria Nawrath, M.A.<\/p>\n<\/br>\n<p><strong>Zust\u00e4ndige Aufsichtsbeh\u00f6rde:<\/strong> Sozialministerium Baden W\u00fcrttemberg,<br>Schellingstra\u00dfe 15, 70174 Stuttgart<\/p>\n<\/br>\n<p><strong>Zust\u00e4ndige Kammer:<\/strong> Landeszahn\u00e4rztekammer Baden-W\u00fcrttemberg<br>Albstadtweg 9, 70567 Stuttgart<\/p>\n<\/br>\n<p><strong>Zust\u00e4ndige Kassenzahn\u00e4rztliche Vereinigung:<\/strong> KZV Baden-W\u00fcrttemberg, Bezirksdirektion Freiburg,<br>Merzhauser Stra\u00dfe 114-118, 79100 Freiburg<\/p>\n<\/br>\n<p><strong>Berufsbezeichnung:<\/strong> Zahn\u00e4rztin<\/p>\n<\/br>\n<p><strong>Staat, der die Berufsbezeichnung verliehen hat:<\/strong> Deutschland<\/p>\n<\/br>\n<p><strong>Berufsrechtliche Regelungen:<\/strong> Dies sind das Zahnheilkundegesetz, Heilberufe-Kammergesetz Baden-W\u00fcrttemberg, die Geb\u00fchrenordnung f\u00fcr Zahn\u00e4rzte und die Berufsordnung f\u00fcr Zahn\u00e4rzte der Landeszahn\u00e4rztekammer Baden-W\u00fcrttemberg. Die berufsrechtlichen Regelungen k\u00f6nnen bei der Landeszahn\u00e4rztekammer Baden-W\u00fcrttemberg, Albstadtweg 9, 70567 Stuttgart, Tel. 0711-228450 abgefragt werden. N\u00e4here Informationen erhalten Sie auch auf der Internetseite der Landeszahn\u00e4rztekammer Baden-W\u00fcrttemberg <a href=\"http:\/\/www.lzk-bw.de\" target=\"_blank\" rel=\"noopener noreferrer\">www.lzk-bw.de<\/a>.<\/p>\n<\/br>\n<p><strong>Warenzeichen:<\/strong> In den vorliegenden Inhalten werden eingetragene Warenzeichen, Handelsnamen und Gebrauchsnamen verwendet. Auch wenn diese nicht als solche gekennzeichnet sind, gelten die entsprechenden Schutzbestimmungen.<\/p>\n<\/br>\n<p><strong>Haftungshinweis:<\/strong> Trotz sorgf\u00e4ltiger inhaltlicher Kontrolle \u00fcbernehmen wir keine Haftung f\u00fcr die Inhalte externer Links. F\u00fcr den Inhalt der verlinkten Seiten sind ausschlie\u00dflich deren Betreiber verantwortlich.<\/p>\n<\/br>\n<p><strong>Datenschutzrichtlinien:<\/strong> Verantwortliche Stelle f\u00fcr den Datenschutz dieses Internetauftritts ist Dr. Eva-Maria Nawarath, M.A., Merzhauser Stra\u00dfe 145b, 79100 Freiburg, Deutschland. Wir nehmen den Schutz Ihrer pers\u00f6nlichen Daten sehr ernst, wir halten uns strikt an die Regeln der Datenschutzgesetze. Personenbezogene Daten werden auf dieser Webseite nur im technisch notwendigen Umfang erhoben und zu keiner Zeit an Dritte weitergegeben.<\/p>\n","protected":false},"excerpt":{"rendered":"<p>ZahnarztpraxisDr. Eva-Maria Nawrath, M.A.Merzhauser Stra\u00dfe 145b79100 Freiburg Tel.: (0761) 40 30 10Fax: (0761) 4 09 87 70 E-Mail: info@zahnaerztin-nawrath.deInternet: www.zahnaerztin-nawrath.de Inhaltlich verantwortlich gem\u00e4\u00df \u00a76 MDStV: Dr. Eva-Maria Nawrath, M.A. Zust\u00e4ndige Aufsichtsbeh\u00f6rde: Sozialministerium Baden W\u00fcrttemberg,Schellingstra\u00dfe 15, 70174 Stuttgart Zust\u00e4ndige Kammer: Landeszahn\u00e4rztekammer &hellip; <a href=\"https:\/\/www.zahnaerztin-nawrath.de\/?page_id=17\">Weiterlesen <span class=\"meta-nav\">&rarr;<\/span><\/a><\/p>\n","protected":false},"author":1,"featured_media":0,"parent":0,"menu_order":0,"comment_status":"closed","ping_status":"closed","template":"","meta":{"footnotes":""},"class_list":["post-17","page","type-page","status-publish","hentry"],"_links":{"self":[{"href":"https:\/\/www.zahnaerztin-nawrath.de\/index.php?rest_route=\/wp\/v2\/pages\/17","targetHints":{"allow":["GET"]}}],"collection":[{"href":"https:\/\/www.zahnaerztin-nawrath.de\/index.php?rest_route=\/wp\/v2\/pages"}],"about":[{"href":"https:\/\/www.zahnaerztin-nawrath.de\/index.php?rest_route=\/wp\/v2\/types\/page"}],"author":[{"embeddable":true,"href":"https:\/\/www.zahnaerztin-nawrath.de\/index.php?rest_route=\/wp\/v2\/users\/1"}],"replies":[{"embeddable":true,"href":"https:\/\/www.zahnaerztin-nawrath.de\/index.php?rest_route=%2Fwp%2Fv2%2Fcomments&post=17"}],"version-history":[{"count":31,"href":"https:\/\/www.zahnaerztin-nawrath.de\/index.php?rest_route=\/wp\/v2\/pages\/17\/revisions"}],"predecessor-version":[{"id":583,"href":"https:\/\/www.zahnaerztin-nawrath.de\/index.php?rest_route=\/wp\/v2\/pages\/17\/revisions\/583"}],"wp:attachment":[{"href":"https:\/\/www.zahnaerztin-nawrath.de\/index.php?rest_route=%2Fwp%2Fv2%2Fmedia&parent=17"}],"curies":[{"name":"wp","href":"https:\/\/api.w.org\/{rel}","templated":true}]}}